{"id":99,"date":"2023-03-13T16:13:48","date_gmt":"2023-03-13T16:13:48","guid":{"rendered":"https:\/\/hotel-larios.ms.decms.eu\/meeting-rooms\/"},"modified":"2023-10-05T14:12:34","modified_gmt":"2023-10-05T14:12:34","slug":"salas-de-reuniones","status":"publish","type":"page","link":"https:\/\/www.hotellariosmalaga.com\/es\/salas-de-reuniones\/","title":{"rendered":"Salas de Reuniones"},"content":{"rendered":"<p>El hotel Larios M\u00e1laga cuenta con <strong>4 salas de reuniones<\/strong>, con luz natural y vistas a la calle Marqu\u00e9s de Larios, perfectamente equipadas y adaptadas para cualquier tipo de reuni\u00f3n, presentaci\u00f3n o formaci\u00f3n, y cuenta con una amplia gama de material audiovisual. Podemos adaptarnos a tus necesidades de reuniones con muchos asistentes ya que tenemos<strong> capacidad para eventos de hasta 100 personas con montaje de teatro<\/strong> en la sala Larios, <strong>as\u00ed como reuniones m\u00e1s privadas en una sala equipada para pocos asistentes<\/strong>.<\/p>\n<p>Y para momentos de descanso entre reuniones, <strong>ofrecemos una variedad de opciones gastron\u00f3micas, coffee breaks, finger food, c\u00f3cteles y banquetes corporativos<\/strong>. Siempre adapt\u00e1ndose al gusto y preferencia del cliente, ofreciendo tales alternativas tanto en la terraza del hotel con maravillosas vistas de la Catedral y el casco antiguo de la ciudad y en nuestro caf\u00e9 art deco ubicado en el primer piso del hotel y con vistas a la Plaza de la Constituci\u00f3n.<\/p>\n<p><em>No dudes en contactarnos para ofrecerte una alternativa personalizada a las necesidades de tu evento.<\/em><br \/>\n<em>\u00a1Conf\u00eda en nuestra profesionalidad y d\u00e9jate sorprender en tu pr\u00f3ximo evento en el coraz\u00f3n de la ciudad!<\/em><\/p>\n<p>&nbsp;<\/p>\n<p>Si necesitas m\u00e1s informaci\u00f3n, cont\u00e1ctanos directamente en <a href=\"mailto:eventos@hotellariosmalaga.com\">eventos@hotellariosmalaga.com<\/a><\/p>\n","protected":false},"excerpt":{"rendered":"<p>El hotel Larios M\u00e1laga cuenta con 4 salas de reuniones, con luz natural y vistas a la calle Marqu\u00e9s de Larios, perfectamente equipadas y adaptadas para cualquier tipo de reuni\u00f3n, presentaci\u00f3n o formaci\u00f3n, y cuenta con una amplia gama de material audiovisual. Podemos adaptarnos a tus necesidades de reuniones con muchos asistentes ya que tenemos [&hellip;]<\/p>\n","protected":false},"author":479,"featured_media":0,"parent":0,"menu_order":20,"comment_status":"closed","ping_status":"closed","template":"template-meeting.php","meta":{"footnotes":""},"class_list":["post-99","page","type-page","status-publish","hentry"],"yoast_head":"<!-- This site is optimized with the Yoast SEO plugin v26.9 - https:\/\/yoast.com\/product\/yoast-seo-wordpress\/ -->\n<title>Salas de Reuniones | Hotel Larios<\/title>\n<meta name=\"description\" content=\"El hotel Larios M\u00e1laga cuenta con 4 salas de reuniones, con luz natural y vistas a la calle Marqu\u00e9s de Larios, perfectamente equipadas y adaptadas para cualquier tipo de reuni\u00f3n, presentaci\u00f3n o formaci\u00f3n, y cuenta con una amplia gama de material audiovisual. Podemos adaptarnos a tus necesidades de reuniones con muchos asistentes ya que tenemos capacidad para eventos de hasta 100 personas con montaje de teatro en la sala Larios, as\u00ed como reuniones m\u00e1s privadas en una sala equipada para pocos asistentes.  Y para momentos de descanso entre reuniones, ofrecemos una variedad de opciones gastron\u00f3micas, coffee breaks, finger food, c\u00f3cteles y banquetes corporativos\" \/>\n<meta name=\"robots\" content=\"index, follow, max-snippet:-1, max-image-preview:large, max-video-preview:-1\" \/>\n<link rel=\"canonical\" href=\"https:\/\/www.hotellariosmalaga.com\/es\/salas-de-reuniones\/\" \/>\n<meta property=\"og:locale\" content=\"es_ES\" \/>\n<meta property=\"og:type\" content=\"article\" \/>\n<meta property=\"og:title\" content=\"Salas de Reuniones | Hotel Larios\" \/>\n<meta property=\"og:description\" content=\"El hotel Larios M\u00e1laga cuenta con 4 salas de reuniones, con luz natural y vistas a la calle Marqu\u00e9s de Larios, perfectamente equipadas y adaptadas para cualquier tipo de reuni\u00f3n, presentaci\u00f3n o formaci\u00f3n, y cuenta con una amplia gama de material audiovisual. Podemos adaptarnos a tus necesidades de reuniones con muchos asistentes ya que tenemos capacidad para eventos de hasta 100 personas con montaje de teatro en la sala Larios, as\u00ed como reuniones m\u00e1s privadas en una sala equipada para pocos asistentes.  Y para momentos de descanso entre reuniones, ofrecemos una variedad de opciones gastron\u00f3micas, coffee breaks, finger food, c\u00f3cteles y banquetes corporativos\" \/>\n<meta property=\"og:url\" content=\"https:\/\/www.hotellariosmalaga.com\/es\/salas-de-reuniones\/\" \/>\n<meta property=\"og:site_name\" content=\"Hotel Larios\" \/>\n<meta property=\"article:modified_time\" content=\"2023-10-05T14:12:34+00:00\" \/>\n<meta name=\"twitter:card\" content=\"summary_large_image\" \/>\n<meta name=\"twitter:label1\" content=\"Tiempo de lectura\" \/>\n\t<meta name=\"twitter:data1\" content=\"1 minuto\" \/>\n<script type=\"application\/ld+json\" class=\"yoast-schema-graph\">{\"@context\":\"https:\/\/schema.org\",\"@graph\":[{\"@type\":\"WebPage\",\"@id\":\"https:\/\/www.hotellariosmalaga.com\/es\/salas-de-reuniones\/\",\"url\":\"https:\/\/www.hotellariosmalaga.com\/es\/salas-de-reuniones\/\",\"name\":\"Salas de Reuniones | Hotel Larios\",\"isPartOf\":{\"@id\":\"https:\/\/www.hotellariosmalaga.com\/es\/#website\"},\"datePublished\":\"2023-03-13T16:13:48+00:00\",\"dateModified\":\"2023-10-05T14:12:34+00:00\",\"description\":\"El hotel Larios M\u00e1laga cuenta con 4 salas de reuniones, con luz natural y vistas a la calle Marqu\u00e9s de Larios, perfectamente equipadas y adaptadas para cualquier tipo de reuni\u00f3n, presentaci\u00f3n o formaci\u00f3n, y cuenta con una amplia gama de material audiovisual. Podemos adaptarnos a tus necesidades de reuniones con muchos asistentes ya que tenemos capacidad para eventos de hasta 100 personas con montaje de teatro en la sala Larios, as\u00ed como reuniones m\u00e1s privadas en una sala equipada para pocos asistentes. Y para momentos de descanso entre reuniones, ofrecemos una variedad de opciones gastron\u00f3micas, coffee breaks, finger food, c\u00f3cteles y banquetes corporativos\",\"breadcrumb\":{\"@id\":\"https:\/\/www.hotellariosmalaga.com\/es\/salas-de-reuniones\/#breadcrumb\"},\"inLanguage\":\"es\",\"potentialAction\":[{\"@type\":\"ReadAction\",\"target\":[\"https:\/\/www.hotellariosmalaga.com\/es\/salas-de-reuniones\/\"]}]},{\"@type\":\"BreadcrumbList\",\"@id\":\"https:\/\/www.hotellariosmalaga.com\/es\/salas-de-reuniones\/#breadcrumb\",\"itemListElement\":[{\"@type\":\"ListItem\",\"position\":1,\"name\":\"Home\",\"item\":\"https:\/\/www.hotellariosmalaga.com\/es\/\"},{\"@type\":\"ListItem\",\"position\":2,\"name\":\"Salas de Reuniones\"}]},{\"@type\":\"WebSite\",\"@id\":\"https:\/\/www.hotellariosmalaga.com\/es\/#website\",\"url\":\"https:\/\/www.hotellariosmalaga.com\/es\/\",\"name\":\"Hotel Larios\",\"description\":\"Your stay in Malaga\",\"publisher\":{\"@id\":\"https:\/\/www.hotellariosmalaga.com\/es\/#organization\"},\"potentialAction\":[{\"@type\":\"SearchAction\",\"target\":{\"@type\":\"EntryPoint\",\"urlTemplate\":\"https:\/\/www.hotellariosmalaga.com\/es\/?s={search_term_string}\"},\"query-input\":{\"@type\":\"PropertyValueSpecification\",\"valueRequired\":true,\"valueName\":\"search_term_string\"}}],\"inLanguage\":\"es\"},{\"@type\":\"Organization\",\"@id\":\"https:\/\/www.hotellariosmalaga.com\/es\/#organization\",\"name\":\"Hotel Larios\",\"alternateName\":\"Hotel Larios Malaga\",\"url\":\"https:\/\/www.hotellariosmalaga.com\/es\/\",\"logo\":{\"@type\":\"ImageObject\",\"inLanguage\":\"es\",\"@id\":\"https:\/\/www.hotellariosmalaga.com\/es\/#\/schema\/logo\/image\/\",\"url\":\"https:\/\/hotel-larios.ms.decms.eu\/wp-content\/uploads\/sites\/549\/2023\/03\/logo_hotel_larios_v1_b.svg\",\"contentUrl\":\"https:\/\/hotel-larios.ms.decms.eu\/wp-content\/uploads\/sites\/549\/2023\/03\/logo_hotel_larios_v1_b.svg\",\"width\":826,\"height\":213,\"caption\":\"Hotel Larios\"},\"image\":{\"@id\":\"https:\/\/www.hotellariosmalaga.com\/es\/#\/schema\/logo\/image\/\"}}]}<\/script>\n<!-- \/ Yoast SEO plugin. -->","yoast_head_json":{"title":"Salas de Reuniones | Hotel Larios","description":"El hotel Larios M\u00e1laga cuenta con 4 salas de reuniones, con luz natural y vistas a la calle Marqu\u00e9s de Larios, perfectamente equipadas y adaptadas para cualquier tipo de reuni\u00f3n, presentaci\u00f3n o formaci\u00f3n, y cuenta con una amplia gama de material audiovisual. Podemos adaptarnos a tus necesidades de reuniones con muchos asistentes ya que tenemos capacidad para eventos de hasta 100 personas con montaje de teatro en la sala Larios, as\u00ed como reuniones m\u00e1s privadas en una sala equipada para pocos asistentes.  Y para momentos de descanso entre reuniones, ofrecemos una variedad de opciones gastron\u00f3micas, coffee breaks, finger food, c\u00f3cteles y banquetes corporativos","robots":{"index":"index","follow":"follow","max-snippet":"max-snippet:-1","max-image-preview":"max-image-preview:large","max-video-preview":"max-video-preview:-1"},"canonical":"https:\/\/www.hotellariosmalaga.com\/es\/salas-de-reuniones\/","og_locale":"es_ES","og_type":"article","og_title":"Salas de Reuniones | Hotel Larios","og_description":"El hotel Larios M\u00e1laga cuenta con 4 salas de reuniones, con luz natural y vistas a la calle Marqu\u00e9s de Larios, perfectamente equipadas y adaptadas para cualquier tipo de reuni\u00f3n, presentaci\u00f3n o formaci\u00f3n, y cuenta con una amplia gama de material audiovisual. Podemos adaptarnos a tus necesidades de reuniones con muchos asistentes ya que tenemos capacidad para eventos de hasta 100 personas con montaje de teatro en la sala Larios, as\u00ed como reuniones m\u00e1s privadas en una sala equipada para pocos asistentes.  Y para momentos de descanso entre reuniones, ofrecemos una variedad de opciones gastron\u00f3micas, coffee breaks, finger food, c\u00f3cteles y banquetes corporativos","og_url":"https:\/\/www.hotellariosmalaga.com\/es\/salas-de-reuniones\/","og_site_name":"Hotel Larios","article_modified_time":"2023-10-05T14:12:34+00:00","twitter_card":"summary_large_image","twitter_misc":{"Tiempo de lectura":"1 minuto"},"schema":{"@context":"https:\/\/schema.org","@graph":[{"@type":"WebPage","@id":"https:\/\/www.hotellariosmalaga.com\/es\/salas-de-reuniones\/","url":"https:\/\/www.hotellariosmalaga.com\/es\/salas-de-reuniones\/","name":"Salas de Reuniones | Hotel Larios","isPartOf":{"@id":"https:\/\/www.hotellariosmalaga.com\/es\/#website"},"datePublished":"2023-03-13T16:13:48+00:00","dateModified":"2023-10-05T14:12:34+00:00","description":"El hotel Larios M\u00e1laga cuenta con 4 salas de reuniones, con luz natural y vistas a la calle Marqu\u00e9s de Larios, perfectamente equipadas y adaptadas para cualquier tipo de reuni\u00f3n, presentaci\u00f3n o formaci\u00f3n, y cuenta con una amplia gama de material audiovisual. Podemos adaptarnos a tus necesidades de reuniones con muchos asistentes ya que tenemos capacidad para eventos de hasta 100 personas con montaje de teatro en la sala Larios, as\u00ed como reuniones m\u00e1s privadas en una sala equipada para pocos asistentes. Y para momentos de descanso entre reuniones, ofrecemos una variedad de opciones gastron\u00f3micas, coffee breaks, finger food, c\u00f3cteles y banquetes corporativos","breadcrumb":{"@id":"https:\/\/www.hotellariosmalaga.com\/es\/salas-de-reuniones\/#breadcrumb"},"inLanguage":"es","potentialAction":[{"@type":"ReadAction","target":["https:\/\/www.hotellariosmalaga.com\/es\/salas-de-reuniones\/"]}]},{"@type":"BreadcrumbList","@id":"https:\/\/www.hotellariosmalaga.com\/es\/salas-de-reuniones\/#breadcrumb","itemListElement":[{"@type":"ListItem","position":1,"name":"Home","item":"https:\/\/www.hotellariosmalaga.com\/es\/"},{"@type":"ListItem","position":2,"name":"Salas de Reuniones"}]},{"@type":"WebSite","@id":"https:\/\/www.hotellariosmalaga.com\/es\/#website","url":"https:\/\/www.hotellariosmalaga.com\/es\/","name":"Hotel Larios","description":"Your stay in Malaga","publisher":{"@id":"https:\/\/www.hotellariosmalaga.com\/es\/#organization"},"potentialAction":[{"@type":"SearchAction","target":{"@type":"EntryPoint","urlTemplate":"https:\/\/www.hotellariosmalaga.com\/es\/?s={search_term_string}"},"query-input":{"@type":"PropertyValueSpecification","valueRequired":true,"valueName":"search_term_string"}}],"inLanguage":"es"},{"@type":"Organization","@id":"https:\/\/www.hotellariosmalaga.com\/es\/#organization","name":"Hotel Larios","alternateName":"Hotel Larios Malaga","url":"https:\/\/www.hotellariosmalaga.com\/es\/","logo":{"@type":"ImageObject","inLanguage":"es","@id":"https:\/\/www.hotellariosmalaga.com\/es\/#\/schema\/logo\/image\/","url":"https:\/\/hotel-larios.ms.decms.eu\/wp-content\/uploads\/sites\/549\/2023\/03\/logo_hotel_larios_v1_b.svg","contentUrl":"https:\/\/hotel-larios.ms.decms.eu\/wp-content\/uploads\/sites\/549\/2023\/03\/logo_hotel_larios_v1_b.svg","width":826,"height":213,"caption":"Hotel Larios"},"image":{"@id":"https:\/\/www.hotellariosmalaga.com\/es\/#\/schema\/logo\/image\/"}}]}},"acf":[],"_links":{"self":[{"href":"https:\/\/www.hotellariosmalaga.com\/es\/wp-json\/wp\/v2\/pages\/99","targetHints":{"allow":["GET"]}}],"collection":[{"href":"https:\/\/www.hotellariosmalaga.com\/es\/wp-json\/wp\/v2\/pages"}],"about":[{"href":"https:\/\/www.hotellariosmalaga.com\/es\/wp-json\/wp\/v2\/types\/page"}],"author":[{"embeddable":true,"href":"https:\/\/www.hotellariosmalaga.com\/es\/wp-json\/wp\/v2\/users\/479"}],"replies":[{"embeddable":true,"href":"https:\/\/www.hotellariosmalaga.com\/es\/wp-json\/wp\/v2\/comments?post=99"}],"version-history":[{"count":0,"href":"https:\/\/www.hotellariosmalaga.com\/es\/wp-json\/wp\/v2\/pages\/99\/revisions"}],"wp:attachment":[{"href":"https:\/\/www.hotellariosmalaga.com\/es\/wp-json\/wp\/v2\/media?parent=99"}],"curies":[{"name":"wp","href":"https:\/\/api.w.org\/{rel}","templated":true}]}}