{"id":76,"date":"2023-03-13T14:24:08","date_gmt":"2023-03-13T14:24:08","guid":{"rendered":"https:\/\/hotel-larios.ms.decms.eu\/gastronomia\/la-terraza-de-larios\/"},"modified":"2026-01-07T10:42:45","modified_gmt":"2026-01-07T10:42:45","slug":"la-terraza-de-larios","status":"publish","type":"page","link":"https:\/\/www.hotellariosmalaga.com\/es\/gastronomia\/la-terraza-de-larios\/","title":{"rendered":"La Terraza de Larios"},"content":{"rendered":"<p>Tanto para visitantes como para locales, <strong>La Terraza de Larios, es un lugar de visita obligada en nuestra ciudad<\/strong>.<\/p>\n<p>Ubicado en uno de los hoteles m\u00e1s famosos, ofrece una variada selecci\u00f3n de c\u00f3cteles, bebidas de autor y tapas perfectamente dise\u00f1adas para pasar una noche con amigos en un lugar inmejorable.<\/p>\n<p><strong> \u00a1No te lo pierdas!<\/strong><\/p>\n","protected":false},"excerpt":{"rendered":"<p>Tanto para visitantes como para locales, La Terraza de Larios, es un lugar de visita obligada en nuestra ciudad. Ubicado en uno de los hoteles m\u00e1s famosos, ofrece una variada selecci\u00f3n de c\u00f3cteles, bebidas de autor y tapas perfectamente dise\u00f1adas para pasar una noche con amigos en un lugar inmejorable. \u00a1No te lo pierdas!<\/p>\n","protected":false},"author":479,"featured_media":0,"parent":69,"menu_order":16,"comment_status":"closed","ping_status":"closed","template":"template-single-restaurant.php","meta":{"footnotes":""},"class_list":["post-76","page","type-page","status-publish","hentry"],"yoast_head":"<!-- This site is optimized with the Yoast SEO plugin v26.9 - https:\/\/yoast.com\/product\/yoast-seo-wordpress\/ -->\n<title>La Terraza de Larios | Hotel Larios<\/title>\n<meta name=\"description\" content=\"Tanto para visitantes como para locales, La Terraza de Larios, es un lugar de visita obligada en nuestra ciudad.  Ubicado en uno de los hoteles m\u00e1s famosos, ofrece una variada selecci\u00f3n de c\u00f3cteles, bebidas de autor y tapas perfectamente dise\u00f1adas para pasar una noche con amigos en un lugar inmejorable.   \u00a1No te lo pierdas!.\" \/>\n<meta name=\"robots\" content=\"index, follow, max-snippet:-1, max-image-preview:large, max-video-preview:-1\" \/>\n<link rel=\"canonical\" href=\"https:\/\/www.hotellariosmalaga.com\/es\/gastronomia\/la-terraza-de-larios\/\" \/>\n<meta property=\"og:locale\" content=\"es_ES\" \/>\n<meta property=\"og:type\" content=\"article\" \/>\n<meta property=\"og:title\" content=\"La Terraza de Larios | Hotel Larios\" \/>\n<meta property=\"og:description\" content=\"Tanto para visitantes como para locales, La Terraza de Larios, es un lugar de visita obligada en nuestra ciudad.  Ubicado en uno de los hoteles m\u00e1s famosos, ofrece una variada selecci\u00f3n de c\u00f3cteles, bebidas de autor y tapas perfectamente dise\u00f1adas para pasar una noche con amigos en un lugar inmejorable.   \u00a1No te lo pierdas!.\" \/>\n<meta property=\"og:url\" content=\"https:\/\/www.hotellariosmalaga.com\/es\/gastronomia\/la-terraza-de-larios\/\" \/>\n<meta property=\"og:site_name\" content=\"Hotel Larios\" \/>\n<meta property=\"article:modified_time\" content=\"2026-01-07T10:42:45+00:00\" \/>\n<meta name=\"twitter:card\" content=\"summary_large_image\" \/>\n<meta name=\"twitter:label1\" content=\"Tiempo de lectura\" \/>\n\t<meta name=\"twitter:data1\" content=\"1 minuto\" \/>\n<script type=\"application\/ld+json\" class=\"yoast-schema-graph\">{\"@context\":\"https:\/\/schema.org\",\"@graph\":[{\"@type\":\"WebPage\",\"@id\":\"https:\/\/www.hotellariosmalaga.com\/es\/gastronomia\/la-terraza-de-larios\/\",\"url\":\"https:\/\/www.hotellariosmalaga.com\/es\/gastronomia\/la-terraza-de-larios\/\",\"name\":\"La Terraza de Larios | Hotel Larios\",\"isPartOf\":{\"@id\":\"https:\/\/www.hotellariosmalaga.com\/es\/#website\"},\"datePublished\":\"2023-03-13T14:24:08+00:00\",\"dateModified\":\"2026-01-07T10:42:45+00:00\",\"description\":\"Tanto para visitantes como para locales, La Terraza de Larios, es un lugar de visita obligada en nuestra ciudad. Ubicado en uno de los hoteles m\u00e1s famosos, ofrece una variada selecci\u00f3n de c\u00f3cteles, bebidas de autor y tapas perfectamente dise\u00f1adas para pasar una noche con amigos en un lugar inmejorable. \u00a1No te lo pierdas!.\",\"breadcrumb\":{\"@id\":\"https:\/\/www.hotellariosmalaga.com\/es\/gastronomia\/la-terraza-de-larios\/#breadcrumb\"},\"inLanguage\":\"es\",\"potentialAction\":[{\"@type\":\"ReadAction\",\"target\":[\"https:\/\/www.hotellariosmalaga.com\/es\/gastronomia\/la-terraza-de-larios\/\"]}]},{\"@type\":\"BreadcrumbList\",\"@id\":\"https:\/\/www.hotellariosmalaga.com\/es\/gastronomia\/la-terraza-de-larios\/#breadcrumb\",\"itemListElement\":[{\"@type\":\"ListItem\",\"position\":1,\"name\":\"Home\",\"item\":\"https:\/\/www.hotellariosmalaga.com\/es\/\"},{\"@type\":\"ListItem\",\"position\":2,\"name\":\"Gastronom\u00eda\",\"item\":\"https:\/\/www.hotellariosmalaga.com\/es\/gastronomia\/\"},{\"@type\":\"ListItem\",\"position\":3,\"name\":\"La Terraza de Larios\"}]},{\"@type\":\"WebSite\",\"@id\":\"https:\/\/www.hotellariosmalaga.com\/es\/#website\",\"url\":\"https:\/\/www.hotellariosmalaga.com\/es\/\",\"name\":\"Hotel Larios\",\"description\":\"Your stay in Malaga\",\"publisher\":{\"@id\":\"https:\/\/www.hotellariosmalaga.com\/es\/#organization\"},\"potentialAction\":[{\"@type\":\"SearchAction\",\"target\":{\"@type\":\"EntryPoint\",\"urlTemplate\":\"https:\/\/www.hotellariosmalaga.com\/es\/?s={search_term_string}\"},\"query-input\":{\"@type\":\"PropertyValueSpecification\",\"valueRequired\":true,\"valueName\":\"search_term_string\"}}],\"inLanguage\":\"es\"},{\"@type\":\"Organization\",\"@id\":\"https:\/\/www.hotellariosmalaga.com\/es\/#organization\",\"name\":\"Hotel Larios\",\"alternateName\":\"Hotel Larios Malaga\",\"url\":\"https:\/\/www.hotellariosmalaga.com\/es\/\",\"logo\":{\"@type\":\"ImageObject\",\"inLanguage\":\"es\",\"@id\":\"https:\/\/www.hotellariosmalaga.com\/es\/#\/schema\/logo\/image\/\",\"url\":\"https:\/\/hotel-larios.ms.decms.eu\/wp-content\/uploads\/sites\/549\/2023\/03\/logo_hotel_larios_v1_b.svg\",\"contentUrl\":\"https:\/\/hotel-larios.ms.decms.eu\/wp-content\/uploads\/sites\/549\/2023\/03\/logo_hotel_larios_v1_b.svg\",\"width\":826,\"height\":213,\"caption\":\"Hotel Larios\"},\"image\":{\"@id\":\"https:\/\/www.hotellariosmalaga.com\/es\/#\/schema\/logo\/image\/\"}}]}<\/script>\n<!-- \/ Yoast SEO plugin. -->","yoast_head_json":{"title":"La Terraza de Larios | Hotel Larios","description":"Tanto para visitantes como para locales, La Terraza de Larios, es un lugar de visita obligada en nuestra ciudad.  Ubicado en uno de los hoteles m\u00e1s famosos, ofrece una variada selecci\u00f3n de c\u00f3cteles, bebidas de autor y tapas perfectamente dise\u00f1adas para pasar una noche con amigos en un lugar inmejorable.   \u00a1No te lo pierdas!.","robots":{"index":"index","follow":"follow","max-snippet":"max-snippet:-1","max-image-preview":"max-image-preview:large","max-video-preview":"max-video-preview:-1"},"canonical":"https:\/\/www.hotellariosmalaga.com\/es\/gastronomia\/la-terraza-de-larios\/","og_locale":"es_ES","og_type":"article","og_title":"La Terraza de Larios | Hotel Larios","og_description":"Tanto para visitantes como para locales, La Terraza de Larios, es un lugar de visita obligada en nuestra ciudad.  Ubicado en uno de los hoteles m\u00e1s famosos, ofrece una variada selecci\u00f3n de c\u00f3cteles, bebidas de autor y tapas perfectamente dise\u00f1adas para pasar una noche con amigos en un lugar inmejorable.   \u00a1No te lo pierdas!.","og_url":"https:\/\/www.hotellariosmalaga.com\/es\/gastronomia\/la-terraza-de-larios\/","og_site_name":"Hotel Larios","article_modified_time":"2026-01-07T10:42:45+00:00","twitter_card":"summary_large_image","twitter_misc":{"Tiempo de lectura":"1 minuto"},"schema":{"@context":"https:\/\/schema.org","@graph":[{"@type":"WebPage","@id":"https:\/\/www.hotellariosmalaga.com\/es\/gastronomia\/la-terraza-de-larios\/","url":"https:\/\/www.hotellariosmalaga.com\/es\/gastronomia\/la-terraza-de-larios\/","name":"La Terraza de Larios | Hotel Larios","isPartOf":{"@id":"https:\/\/www.hotellariosmalaga.com\/es\/#website"},"datePublished":"2023-03-13T14:24:08+00:00","dateModified":"2026-01-07T10:42:45+00:00","description":"Tanto para visitantes como para locales, La Terraza de Larios, es un lugar de visita obligada en nuestra ciudad. Ubicado en uno de los hoteles m\u00e1s famosos, ofrece una variada selecci\u00f3n de c\u00f3cteles, bebidas de autor y tapas perfectamente dise\u00f1adas para pasar una noche con amigos en un lugar inmejorable. \u00a1No te lo pierdas!.","breadcrumb":{"@id":"https:\/\/www.hotellariosmalaga.com\/es\/gastronomia\/la-terraza-de-larios\/#breadcrumb"},"inLanguage":"es","potentialAction":[{"@type":"ReadAction","target":["https:\/\/www.hotellariosmalaga.com\/es\/gastronomia\/la-terraza-de-larios\/"]}]},{"@type":"BreadcrumbList","@id":"https:\/\/www.hotellariosmalaga.com\/es\/gastronomia\/la-terraza-de-larios\/#breadcrumb","itemListElement":[{"@type":"ListItem","position":1,"name":"Home","item":"https:\/\/www.hotellariosmalaga.com\/es\/"},{"@type":"ListItem","position":2,"name":"Gastronom\u00eda","item":"https:\/\/www.hotellariosmalaga.com\/es\/gastronomia\/"},{"@type":"ListItem","position":3,"name":"La Terraza de Larios"}]},{"@type":"WebSite","@id":"https:\/\/www.hotellariosmalaga.com\/es\/#website","url":"https:\/\/www.hotellariosmalaga.com\/es\/","name":"Hotel Larios","description":"Your stay in Malaga","publisher":{"@id":"https:\/\/www.hotellariosmalaga.com\/es\/#organization"},"potentialAction":[{"@type":"SearchAction","target":{"@type":"EntryPoint","urlTemplate":"https:\/\/www.hotellariosmalaga.com\/es\/?s={search_term_string}"},"query-input":{"@type":"PropertyValueSpecification","valueRequired":true,"valueName":"search_term_string"}}],"inLanguage":"es"},{"@type":"Organization","@id":"https:\/\/www.hotellariosmalaga.com\/es\/#organization","name":"Hotel Larios","alternateName":"Hotel Larios Malaga","url":"https:\/\/www.hotellariosmalaga.com\/es\/","logo":{"@type":"ImageObject","inLanguage":"es","@id":"https:\/\/www.hotellariosmalaga.com\/es\/#\/schema\/logo\/image\/","url":"https:\/\/hotel-larios.ms.decms.eu\/wp-content\/uploads\/sites\/549\/2023\/03\/logo_hotel_larios_v1_b.svg","contentUrl":"https:\/\/hotel-larios.ms.decms.eu\/wp-content\/uploads\/sites\/549\/2023\/03\/logo_hotel_larios_v1_b.svg","width":826,"height":213,"caption":"Hotel Larios"},"image":{"@id":"https:\/\/www.hotellariosmalaga.com\/es\/#\/schema\/logo\/image\/"}}]}},"acf":[],"_links":{"self":[{"href":"https:\/\/www.hotellariosmalaga.com\/es\/wp-json\/wp\/v2\/pages\/76","targetHints":{"allow":["GET"]}}],"collection":[{"href":"https:\/\/www.hotellariosmalaga.com\/es\/wp-json\/wp\/v2\/pages"}],"about":[{"href":"https:\/\/www.hotellariosmalaga.com\/es\/wp-json\/wp\/v2\/types\/page"}],"author":[{"embeddable":true,"href":"https:\/\/www.hotellariosmalaga.com\/es\/wp-json\/wp\/v2\/users\/479"}],"replies":[{"embeddable":true,"href":"https:\/\/www.hotellariosmalaga.com\/es\/wp-json\/wp\/v2\/comments?post=76"}],"version-history":[{"count":0,"href":"https:\/\/www.hotellariosmalaga.com\/es\/wp-json\/wp\/v2\/pages\/76\/revisions"}],"up":[{"embeddable":true,"href":"https:\/\/www.hotellariosmalaga.com\/es\/wp-json\/wp\/v2\/pages\/69"}],"wp:attachment":[{"href":"https:\/\/www.hotellariosmalaga.com\/es\/wp-json\/wp\/v2\/media?parent=76"}],"curies":[{"name":"wp","href":"https:\/\/api.w.org\/{rel}","templated":true}]}}