{"id":65,"date":"2023-03-13T13:18:46","date_gmt":"2023-03-13T13:18:46","guid":{"rendered":"https:\/\/hotel-larios.ms.decms.eu\/habitaciones-y-apartamentos\/duplex-apartment\/"},"modified":"2023-03-27T14:07:14","modified_gmt":"2023-03-27T14:07:14","slug":"apartamento-duplex","status":"publish","type":"page","link":"https:\/\/www.hotellariosmalaga.com\/es\/habitaciones-y-apartamentos\/apartamento-duplex\/","title":{"rendered":"Apartamento D\u00faplex"},"content":{"rendered":"<p>El Apartamento D\u00faplex,<strong> ubicado a solo 100m del Hotel Larios M\u00e1laga<\/strong> es la mejor opci\u00f3n para sentirse como un lugare\u00f1o; cuenta con 2 plantas diferentes, una planta primera con dos dormitorios separados y una segunda planta con una cocina abierta, una sala de estar y una terraza para disfrutar del sol andaluz.<\/p>\n<p><em>\u00bfEst\u00e1s planeando un viaje con amigos? <\/em><\/p>\n<p><em><strong>\u00a1Esta es la mejor opci\u00f3n!<\/strong><\/em><\/p>\n","protected":false},"excerpt":{"rendered":"<p>El Apartamento D\u00faplex, ubicado a solo 100m del Hotel Larios M\u00e1laga es la mejor opci\u00f3n para sentirse como un lugare\u00f1o; cuenta con 2 plantas diferentes, una planta primera con dos dormitorios separados y una segunda planta con una cocina abierta, una sala de estar y una terraza para disfrutar del sol andaluz. \u00bfEst\u00e1s planeando un [&hellip;]<\/p>\n","protected":false},"author":479,"featured_media":0,"parent":15,"menu_order":11,"comment_status":"closed","ping_status":"closed","template":"template-single-room.php","meta":{"footnotes":""},"class_list":["post-65","page","type-page","status-publish","hentry"],"yoast_head":"<!-- This site is optimized with the Yoast SEO plugin v26.9 - https:\/\/yoast.com\/product\/yoast-seo-wordpress\/ -->\n<title>Apartamento D\u00faplex | Hotel Larios<\/title>\n<meta name=\"description\" content=\"El Apartamento D\u00faplex, ubicado a solo 100m del Hotel Larios M\u00e1laga es la mejor opci\u00f3n para sentirse como un lugare\u00f1o; cuenta con 2 plantas diferentes, una planta primera con dos dormitorios separados y una segunda planta con una cocina abierta, una sala de estar y una terraza para disfrutar del sol andaluz.  \u00bfEst\u00e1s planeando un viaje con amigos?   \u00a1Esta es la mejor opci\u00f3n!.\" \/>\n<meta name=\"robots\" content=\"index, follow, max-snippet:-1, max-image-preview:large, max-video-preview:-1\" \/>\n<link rel=\"canonical\" href=\"https:\/\/www.hotellariosmalaga.com\/es\/habitaciones-y-apartamentos\/apartamento-duplex\/\" \/>\n<meta property=\"og:locale\" content=\"es_ES\" \/>\n<meta property=\"og:type\" content=\"article\" \/>\n<meta property=\"og:title\" content=\"Apartamento D\u00faplex | Hotel Larios\" \/>\n<meta property=\"og:description\" content=\"El Apartamento D\u00faplex, ubicado a solo 100m del Hotel Larios M\u00e1laga es la mejor opci\u00f3n para sentirse como un lugare\u00f1o; cuenta con 2 plantas diferentes, una planta primera con dos dormitorios separados y una segunda planta con una cocina abierta, una sala de estar y una terraza para disfrutar del sol andaluz.  \u00bfEst\u00e1s planeando un viaje con amigos?   \u00a1Esta es la mejor opci\u00f3n!.\" \/>\n<meta property=\"og:url\" content=\"https:\/\/www.hotellariosmalaga.com\/es\/habitaciones-y-apartamentos\/apartamento-duplex\/\" \/>\n<meta property=\"og:site_name\" content=\"Hotel Larios\" \/>\n<meta property=\"article:modified_time\" content=\"2023-03-27T14:07:14+00:00\" \/>\n<meta name=\"twitter:card\" content=\"summary_large_image\" \/>\n<meta name=\"twitter:label1\" content=\"Tiempo de lectura\" \/>\n\t<meta name=\"twitter:data1\" content=\"1 minuto\" \/>\n<script type=\"application\/ld+json\" class=\"yoast-schema-graph\">{\"@context\":\"https:\/\/schema.org\",\"@graph\":[{\"@type\":\"WebPage\",\"@id\":\"https:\/\/www.hotellariosmalaga.com\/es\/habitaciones-y-apartamentos\/apartamento-duplex\/\",\"url\":\"https:\/\/www.hotellariosmalaga.com\/es\/habitaciones-y-apartamentos\/apartamento-duplex\/\",\"name\":\"Apartamento D\u00faplex | Hotel Larios\",\"isPartOf\":{\"@id\":\"https:\/\/www.hotellariosmalaga.com\/es\/#website\"},\"datePublished\":\"2023-03-13T13:18:46+00:00\",\"dateModified\":\"2023-03-27T14:07:14+00:00\",\"description\":\"El Apartamento D\u00faplex, ubicado a solo 100m del Hotel Larios M\u00e1laga es la mejor opci\u00f3n para sentirse como un lugare\u00f1o; cuenta con 2 plantas diferentes, una planta primera con dos dormitorios separados y una segunda planta con una cocina abierta, una sala de estar y una terraza para disfrutar del sol andaluz. \u00bfEst\u00e1s planeando un viaje con amigos? \u00a1Esta es la mejor opci\u00f3n!.\",\"breadcrumb\":{\"@id\":\"https:\/\/www.hotellariosmalaga.com\/es\/habitaciones-y-apartamentos\/apartamento-duplex\/#breadcrumb\"},\"inLanguage\":\"es\",\"potentialAction\":[{\"@type\":\"ReadAction\",\"target\":[\"https:\/\/www.hotellariosmalaga.com\/es\/habitaciones-y-apartamentos\/apartamento-duplex\/\"]}]},{\"@type\":\"BreadcrumbList\",\"@id\":\"https:\/\/www.hotellariosmalaga.com\/es\/habitaciones-y-apartamentos\/apartamento-duplex\/#breadcrumb\",\"itemListElement\":[{\"@type\":\"ListItem\",\"position\":1,\"name\":\"Home\",\"item\":\"https:\/\/www.hotellariosmalaga.com\/es\/\"},{\"@type\":\"ListItem\",\"position\":2,\"name\":\"Habitaciones y Apartamentos\",\"item\":\"https:\/\/www.hotellariosmalaga.com\/es\/habitaciones-y-apartamentos\/\"},{\"@type\":\"ListItem\",\"position\":3,\"name\":\"Apartamento D\u00faplex\"}]},{\"@type\":\"WebSite\",\"@id\":\"https:\/\/www.hotellariosmalaga.com\/es\/#website\",\"url\":\"https:\/\/www.hotellariosmalaga.com\/es\/\",\"name\":\"Hotel Larios\",\"description\":\"Your stay in Malaga\",\"publisher\":{\"@id\":\"https:\/\/www.hotellariosmalaga.com\/es\/#organization\"},\"potentialAction\":[{\"@type\":\"SearchAction\",\"target\":{\"@type\":\"EntryPoint\",\"urlTemplate\":\"https:\/\/www.hotellariosmalaga.com\/es\/?s={search_term_string}\"},\"query-input\":{\"@type\":\"PropertyValueSpecification\",\"valueRequired\":true,\"valueName\":\"search_term_string\"}}],\"inLanguage\":\"es\"},{\"@type\":\"Organization\",\"@id\":\"https:\/\/www.hotellariosmalaga.com\/es\/#organization\",\"name\":\"Hotel Larios\",\"alternateName\":\"Hotel Larios Malaga\",\"url\":\"https:\/\/www.hotellariosmalaga.com\/es\/\",\"logo\":{\"@type\":\"ImageObject\",\"inLanguage\":\"es\",\"@id\":\"https:\/\/www.hotellariosmalaga.com\/es\/#\/schema\/logo\/image\/\",\"url\":\"https:\/\/hotel-larios.ms.decms.eu\/wp-content\/uploads\/sites\/549\/2023\/03\/logo_hotel_larios_v1_b.svg\",\"contentUrl\":\"https:\/\/hotel-larios.ms.decms.eu\/wp-content\/uploads\/sites\/549\/2023\/03\/logo_hotel_larios_v1_b.svg\",\"width\":826,\"height\":213,\"caption\":\"Hotel Larios\"},\"image\":{\"@id\":\"https:\/\/www.hotellariosmalaga.com\/es\/#\/schema\/logo\/image\/\"}}]}<\/script>\n<!-- \/ Yoast SEO plugin. -->","yoast_head_json":{"title":"Apartamento D\u00faplex | Hotel Larios","description":"El Apartamento D\u00faplex, ubicado a solo 100m del Hotel Larios M\u00e1laga es la mejor opci\u00f3n para sentirse como un lugare\u00f1o; cuenta con 2 plantas diferentes, una planta primera con dos dormitorios separados y una segunda planta con una cocina abierta, una sala de estar y una terraza para disfrutar del sol andaluz.  \u00bfEst\u00e1s planeando un viaje con amigos?   \u00a1Esta es la mejor opci\u00f3n!.","robots":{"index":"index","follow":"follow","max-snippet":"max-snippet:-1","max-image-preview":"max-image-preview:large","max-video-preview":"max-video-preview:-1"},"canonical":"https:\/\/www.hotellariosmalaga.com\/es\/habitaciones-y-apartamentos\/apartamento-duplex\/","og_locale":"es_ES","og_type":"article","og_title":"Apartamento D\u00faplex | Hotel Larios","og_description":"El Apartamento D\u00faplex, ubicado a solo 100m del Hotel Larios M\u00e1laga es la mejor opci\u00f3n para sentirse como un lugare\u00f1o; cuenta con 2 plantas diferentes, una planta primera con dos dormitorios separados y una segunda planta con una cocina abierta, una sala de estar y una terraza para disfrutar del sol andaluz.  \u00bfEst\u00e1s planeando un viaje con amigos?   \u00a1Esta es la mejor opci\u00f3n!.","og_url":"https:\/\/www.hotellariosmalaga.com\/es\/habitaciones-y-apartamentos\/apartamento-duplex\/","og_site_name":"Hotel Larios","article_modified_time":"2023-03-27T14:07:14+00:00","twitter_card":"summary_large_image","twitter_misc":{"Tiempo de lectura":"1 minuto"},"schema":{"@context":"https:\/\/schema.org","@graph":[{"@type":"WebPage","@id":"https:\/\/www.hotellariosmalaga.com\/es\/habitaciones-y-apartamentos\/apartamento-duplex\/","url":"https:\/\/www.hotellariosmalaga.com\/es\/habitaciones-y-apartamentos\/apartamento-duplex\/","name":"Apartamento D\u00faplex | Hotel Larios","isPartOf":{"@id":"https:\/\/www.hotellariosmalaga.com\/es\/#website"},"datePublished":"2023-03-13T13:18:46+00:00","dateModified":"2023-03-27T14:07:14+00:00","description":"El Apartamento D\u00faplex, ubicado a solo 100m del Hotel Larios M\u00e1laga es la mejor opci\u00f3n para sentirse como un lugare\u00f1o; cuenta con 2 plantas diferentes, una planta primera con dos dormitorios separados y una segunda planta con una cocina abierta, una sala de estar y una terraza para disfrutar del sol andaluz. \u00bfEst\u00e1s planeando un viaje con amigos? \u00a1Esta es la mejor opci\u00f3n!.","breadcrumb":{"@id":"https:\/\/www.hotellariosmalaga.com\/es\/habitaciones-y-apartamentos\/apartamento-duplex\/#breadcrumb"},"inLanguage":"es","potentialAction":[{"@type":"ReadAction","target":["https:\/\/www.hotellariosmalaga.com\/es\/habitaciones-y-apartamentos\/apartamento-duplex\/"]}]},{"@type":"BreadcrumbList","@id":"https:\/\/www.hotellariosmalaga.com\/es\/habitaciones-y-apartamentos\/apartamento-duplex\/#breadcrumb","itemListElement":[{"@type":"ListItem","position":1,"name":"Home","item":"https:\/\/www.hotellariosmalaga.com\/es\/"},{"@type":"ListItem","position":2,"name":"Habitaciones y Apartamentos","item":"https:\/\/www.hotellariosmalaga.com\/es\/habitaciones-y-apartamentos\/"},{"@type":"ListItem","position":3,"name":"Apartamento D\u00faplex"}]},{"@type":"WebSite","@id":"https:\/\/www.hotellariosmalaga.com\/es\/#website","url":"https:\/\/www.hotellariosmalaga.com\/es\/","name":"Hotel Larios","description":"Your stay in Malaga","publisher":{"@id":"https:\/\/www.hotellariosmalaga.com\/es\/#organization"},"potentialAction":[{"@type":"SearchAction","target":{"@type":"EntryPoint","urlTemplate":"https:\/\/www.hotellariosmalaga.com\/es\/?s={search_term_string}"},"query-input":{"@type":"PropertyValueSpecification","valueRequired":true,"valueName":"search_term_string"}}],"inLanguage":"es"},{"@type":"Organization","@id":"https:\/\/www.hotellariosmalaga.com\/es\/#organization","name":"Hotel Larios","alternateName":"Hotel Larios Malaga","url":"https:\/\/www.hotellariosmalaga.com\/es\/","logo":{"@type":"ImageObject","inLanguage":"es","@id":"https:\/\/www.hotellariosmalaga.com\/es\/#\/schema\/logo\/image\/","url":"https:\/\/hotel-larios.ms.decms.eu\/wp-content\/uploads\/sites\/549\/2023\/03\/logo_hotel_larios_v1_b.svg","contentUrl":"https:\/\/hotel-larios.ms.decms.eu\/wp-content\/uploads\/sites\/549\/2023\/03\/logo_hotel_larios_v1_b.svg","width":826,"height":213,"caption":"Hotel Larios"},"image":{"@id":"https:\/\/www.hotellariosmalaga.com\/es\/#\/schema\/logo\/image\/"}}]}},"acf":[],"_links":{"self":[{"href":"https:\/\/www.hotellariosmalaga.com\/es\/wp-json\/wp\/v2\/pages\/65","targetHints":{"allow":["GET"]}}],"collection":[{"href":"https:\/\/www.hotellariosmalaga.com\/es\/wp-json\/wp\/v2\/pages"}],"about":[{"href":"https:\/\/www.hotellariosmalaga.com\/es\/wp-json\/wp\/v2\/types\/page"}],"author":[{"embeddable":true,"href":"https:\/\/www.hotellariosmalaga.com\/es\/wp-json\/wp\/v2\/users\/479"}],"replies":[{"embeddable":true,"href":"https:\/\/www.hotellariosmalaga.com\/es\/wp-json\/wp\/v2\/comments?post=65"}],"version-history":[{"count":0,"href":"https:\/\/www.hotellariosmalaga.com\/es\/wp-json\/wp\/v2\/pages\/65\/revisions"}],"up":[{"embeddable":true,"href":"https:\/\/www.hotellariosmalaga.com\/es\/wp-json\/wp\/v2\/pages\/15"}],"wp:attachment":[{"href":"https:\/\/www.hotellariosmalaga.com\/es\/wp-json\/wp\/v2\/media?parent=65"}],"curies":[{"name":"wp","href":"https:\/\/api.w.org\/{rel}","templated":true}]}}