{"id":180,"date":"2023-03-16T15:41:44","date_gmt":"2023-03-16T15:41:44","guid":{"rendered":"https:\/\/hotel-larios.ms.decms.eu\/cookie-policy-preferences\/"},"modified":"2023-03-30T09:20:18","modified_gmt":"2023-03-30T09:20:18","slug":"politica-de-cookies","status":"publish","type":"page","link":"https:\/\/www.hotellariosmalaga.com\/es\/politica-de-cookies\/","title":{"rendered":"Pol\u00edtica De Cookies"},"content":{"rendered":"<p><span style=\"font-weight: 400;\">Esta p\u00e1gina web utiliza cookies u otros archivos de funcionalidad similar (en adelante, \u201ccookies\u201d) para prestarle un mejor servicio y proporcionarle una mejor experiencia de navegaci\u00f3n. El objetivo de esta pol\u00edtica es informarle de manera clara y detallada de qu\u00e9 es una cookie, cu\u00e1l es su finalidad, qu\u00e9 tipo de cookies utilizamos y c\u00f3mo configurarlas o, en su caso, deshabilitarlas.\u00a0<\/span><\/p>\n<h5><strong>\u00bfQu\u00e9 es una cookie?\u00a0<\/strong><\/h5>\n<p><span style=\"font-weight: 400;\">Una cookie es un fichero que se descarga en su ordenador al acceder a determinadas p\u00e1ginas web. Las cookies permiten a una p\u00e1gina web, entre otras cosas, almacenar y recuperar informaci\u00f3n sobre los h\u00e1bitos de navegaci\u00f3n de un usuario o de su equipo y, dependiendo de la informaci\u00f3n que contengan y de la forma en que se utilice su equipo, pueden servir para reconocerlo.\u00a0<\/span><\/p>\n<p><span style=\"font-weight: 400;\">No obstante, estos medios s\u00f3lo obtienen informaci\u00f3n relacionada con el n\u00famero de p\u00e1ginas visitadas, la ciudad a la que est\u00e1 asignada la direcci\u00f3n IP desde la que se accede, el n\u00famero de nuevos usuarios, la frecuencia y reincidencia de las visitas, el tiempo de visita, el navegador o el operador o tipo de terminal desde el que se realiza la visita. No se obtienen datos sobre el nombre, apellidos, direcci\u00f3n postal u otros datos an\u00e1logos del usuario que se ha conectado.\u00a0<\/span><\/p>\n<h5><strong>\u00bfQu\u00e9 tipos de cookies existen?\u00a0<\/strong><\/h5>\n<p><span style=\"font-weight: 400;\">Las <\/span><b>cookies t\u00e9cnicas<\/b><span style=\"font-weight: 400;\"> son aquellas que permiten al usuario la navegaci\u00f3n a trav\u00e9s de una p\u00e1gina web, plataforma o aplicaci\u00f3n y la utilizaci\u00f3n de las diferentes opciones o servicios que en ella existan, incluyendo la gesti\u00f3n y operativa de la p\u00e1gina web y habilitar sus funciones y servicios, como, por ejemplo, identificar la sesi\u00f3n, acceder a partes de acceso restringido, recordar los elementos que integran un pedido, realizar el proceso de compra de un pedido, gestionar el pago, etc. La p\u00e1gina web no puede funcionar adecuadamente sin estas cookies, por lo que se consideran necesarias.\u00a0<\/span><\/p>\n<p><span style=\"font-weight: 400;\">Las <\/span><b>cookies de preferencias<\/b><span style=\"font-weight: 400;\"> o <\/span><b>personalizaci\u00f3n<\/b><span style=\"font-weight: 400;\"> permiten a la p\u00e1gina web recordar informaci\u00f3n que cambia la forma en que la p\u00e1gina se comporta o el aspecto que tiene de modo que el usuario acceda al servicio con determinadas caracter\u00edsticas que pueden diferenciar su experiencia de la de otros usuarios, como, por ejemplo, el idioma, el n\u00famero de resultados a mostrar cuando el usuario realiza una b\u00fasqueda o la regi\u00f3n en la que el usuario se encuentra. Si es el propio usuario quien elige esas caracter\u00edsticas, por ejemplo, marcando la bandera del idioma, se considera un servicio expresamente solicitado siempre y cuando las cookies obedezcan exclusivamente a la finalidad seleccionada de personalizaci\u00f3n.\u00a0<\/span><\/p>\n<p><span style=\"font-weight: 400;\">Las <\/span><b>cookies de an\u00e1lisis<\/b><span style=\"font-weight: 400;\"> o <\/span><b>medici\u00f3n<\/b><span style=\"font-weight: 400;\"> son aquellas que permiten comprender c\u00f3mo interact\u00faan los visitantes con las p\u00e1ginas web y as\u00ed realizar el an\u00e1lisis estad\u00edstico de la utilizaci\u00f3n que hacen los usuarios de los servicios prestados. La informaci\u00f3n recogida se utiliza en la medici\u00f3n de la actividad de los sitios web o aplicaci\u00f3n con el fin de introducir mejoras en los productos y servicios ofrecidos por el responsable.\u00a0<\/span><\/p>\n<p><span style=\"font-weight: 400;\">Las <\/span><b>cookies de marketing<\/b><span style=\"font-weight: 400;\"> o <\/span><b>publicidad comportamental<\/b><span style=\"font-weight: 400;\"> almacenan informaci\u00f3n del comportamiento de los usuarios obtenida a trav\u00e9s de la observaci\u00f3n continuada de sus h\u00e1bitos de navegaci\u00f3n, lo que permite desarrollar un perfil espec\u00edfico para mostrar anuncios relevantes y atractivos para el usuario individual y, por tanto, m\u00e1s valiosos para los terceros anunciantes.\u00a0<\/span><\/p>\n<p><span style=\"font-weight: 400;\">Por otra parte, <\/span><b>las cookies pueden ser propias o de terceros<\/b><span style=\"font-weight: 400;\">. Las propias son aqu\u00e9llas que se env\u00edan al equipo terminal del usuario desde un equipo o dominio gestionado por el propio editor de la Web, desde el que se presta el servicio solicitado por el usuario. Las cookies de tercero son aqu\u00e9llas que se env\u00edan al equipo terminal del usuario desde un equipo o dominio que no es gestionado por el editor, sino por otra entidad que trata los datos obtenidos trav\u00e9s de las cookies.\u00a0<\/span><\/p>\n<p><span style=\"font-weight: 400;\">Adem\u00e1s, <\/span><b>las cookies pueden ser de sesi\u00f3n o persistentes<\/b><span style=\"font-weight: 400;\">. Las primeras son un tipo de cookies dise\u00f1adas para recabar y almacenar datos s\u00f3lo mientras el usuario est\u00e1 accediendo a una p\u00e1gina web. Las persistentes son un tipo de cookies que hace que los datos sigan almacenados en el terminal y puedan ser accedidos y tratados durante un periodo definido por el responsable de la cookie, que puede ir de unos minutos a varios a\u00f1os.\u00a0<\/span><\/p>\n<h5><strong>\u00bfQui\u00e9n es el responsable del tratamiento de las cookies en esta p\u00e1gina web?\u00a0\u00a0<\/strong><\/h5>\n<p><span style=\"font-weight: 400;\">El titular de la web y responsable del tratamiento de las cookies aqu\u00ed utilizadas, as\u00ed como sus datos de contacto, son accesibles en el <\/span><a href=\"https:\/\/hotel-larios.ms.decms.eu\/es\/aviso-legal\/\" target=\"_blank\" rel=\"noopener\"><b>Aviso Legal<\/b><\/a><span style=\"font-weight: 400;\"> de esta p\u00e1gina. Asimismo, pueden existir cookies de terceros distintos del titular de esta web, como se explica m\u00e1s abajo.\u00a0<\/span><\/p>\n<h5><strong>\u00bfCu\u00e1les son las cookies que utiliza esta Web, para qu\u00e9 se utilizan y durante cu\u00e1nto tiempo?<\/strong><\/h5>\n<div id=\"macaron_inline_cookie_box\"><\/div>\n<h5><strong>\u00bfCu\u00e1l es la legitimaci\u00f3n para el uso de las cookies?\u00a0\u00a0<\/strong><\/h5>\n<p><span style=\"font-weight: 400;\">La base legal del uso de cookies es el consentimiento del usuario, que se le solicita en el momento de acceder a esta web, pudiendo revocarlo en cualquier momento.\u00a0<\/span><\/p>\n<p><span style=\"font-weight: 400;\">La retirada de dicho consentimiento no afectar\u00e1 a la posibilidad de navegar por esta web y utilizar sus servicios, pero los tratamientos de datos efectuados con anterioridad no perder\u00e1n su licitud por el hecho de que el consentimiento se haya revocado.\u00a0<\/span><\/p>\n<h5><strong>\u00bfA qu\u00e9 destinatarios se comunicar\u00e1n las cookies o podr\u00e1n acceder a ellas?\u00a0\u00a0<\/strong><\/h5>\n<p><span style=\"font-weight: 400;\">Cuando existan cookies de terceros, conforme a lo indicado m\u00e1s arriba, dichos terceros podr\u00e1n acceder a las cookies y utilizarlas en la forma antes descrita.\u00a0<\/span><\/p>\n<h5><strong>\u00bfCu\u00e1les son sus derechos en relaci\u00f3n con el uso de cookies por esta web?\u00a0\u00a0<\/strong><\/h5>\n<p><span style=\"font-weight: 400;\">Seg\u00fan dispone la normativa vigente, cualquier persona tiene derecho a obtener confirmaci\u00f3n sobre si se est\u00e1n tratando datos personales que le conciernan, o no. Asimismo, en las condiciones legalmente previstas, las personas interesadas tienen derecho a acceder a sus datos, as\u00ed como a solicitar la rectificaci\u00f3n de los datos inexactos o, en su caso, solicitar su supresi\u00f3n cuando, entre otros motivos, los datos ya no sean necesarios para los fines para los que fueron recogidos. En el caso de las cookies estos derechos pueden ejercerse con sujeci\u00f3n a las limitaciones derivadas de la naturaleza de estos ficheros.\u00a0\u00a0<\/span><\/p>\n<p><span style=\"font-weight: 400;\">En las condiciones previstas en el Reglamento General de Protecci\u00f3n de Datos, los interesados podr\u00e1n solicitar la limitaci\u00f3n del tratamiento de sus datos o su portabilidad, en cuyo caso \u00fanicamente los conservaremos para el ejercicio o la defensa de reclamaciones.\u00a0\u00a0<\/span><\/p>\n<p><span style=\"font-weight: 400;\">En determinadas circunstancias y por motivos relacionados con su situaci\u00f3n particular, los interesados podr\u00e1n oponerse al tratamiento de sus datos. Si usted ha otorgado el consentimiento para alguna finalidad espec\u00edfica, tiene derecho a retirarlo en cualquier momento, sin que ello afecte a la licitud del tratamiento basado en el consentimiento previo a su retirada. En estos supuestos dejaremos de tratar los datos o, en su caso, dejaremos de hacerlo para esa finalidad en concreto, salvo por motivos leg\u00edtimos imperiosos, o el ejercicio o la defensa de posibles reclamaciones.\u00a0<\/span><\/p>\n<p><span style=\"font-weight: 400;\">Frente a cualquier vulneraci\u00f3n de sus derechos, especialmente cuando usted no haya obtenido satisfacci\u00f3n en su ejercicio, puede presentar una reclamaci\u00f3n ante la Agencia Espa\u00f1ola de Protecci\u00f3n de Datos (datos de contacto accesibles en www.aepd.es), u otra autoridad de control competente. Tambi\u00e9n puede obtener m\u00e1s informaci\u00f3n sobre los derechos que le asisten dirigi\u00e9ndose a dichos organismos.\u00a0<\/span><\/p>\n<h5><strong>\u00bfC\u00f3mo puedo gestionar las cookies?\u00a0<\/strong><\/h5>\n<p><span style=\"font-weight: 400;\">Puede usted permitir, bloquear o eliminar las cookies instaladas en su equipo a trav\u00e9s del bot\u00f3n \u201cOPCIONES\u201d, que aparece al acceder a esta web.\u00a0<\/span><\/p>\n<p><span style=\"font-weight: 400;\">Tambi\u00e9n puede permitir, bloquear o eliminar las cookies instaladas en su dispositivo a trav\u00e9s del men\u00fa de configuraci\u00f3n de su navegador de internet, pudiendo configurarlo para que bloquee las cookies o alerte al usuario cuando un servidor quiera guardarla. Los siguientes enlaces proporcionan informaci\u00f3n en relaci\u00f3n con c\u00f3mo configurar y\/o deshabilitar las cookies para cada uno de los principales navegadores del mercado a fin de que el usuario pueda decidir si acepta o no el uso de cookies.\u00a0<\/span><\/p>\n<ul>\n<li style=\"font-weight: 400;\" aria-level=\"1\"><a href=\"https:\/\/support.microsoft.com\/es-es\/help\/17442\/windows-internet-explorer-delete-manage-cookies\"><span style=\"font-weight: 400;\">Microsoft Internet Explorer<\/span><\/a><span style=\"font-weight: 400;\">: men\u00fa Herramientas &gt; Opciones de Internet &gt; Privacidad &gt; Configuraci\u00f3n.\u00a0\u00a0<\/span><\/li>\n<\/ul>\n<ul>\n<li style=\"font-weight: 400;\" aria-level=\"1\"><a href=\"https:\/\/support.mozilla.org\/es\/kb\/habilitar-y-deshabilitar-cookies-sitios-web-rastrear-preferencias?redirectlocale=es&amp;redirectslug=habilitar-y-deshabilitar-cookies-que-los-sitios-we\"><span style=\"font-weight: 400;\">Firefox<\/span><\/a><span style=\"font-weight: 400;\">: men\u00fa Herramientas &gt; Opciones &gt; Privacidad &gt; Cookies.\u00a0\u00a0<\/span><\/li>\n<li style=\"font-weight: 400;\" aria-level=\"1\"><a href=\"https:\/\/support.google.com\/accounts\/answer\/61416?hl=es\"><span style=\"font-weight: 400;\">Chrome<\/span><\/a><span style=\"font-weight: 400;\">: men\u00fa Opciones &gt; Opciones avanzadas &gt; Privacidad.\u00a0\u00a0<\/span><\/li>\n<li style=\"font-weight: 400;\" aria-level=\"1\"><a href=\"https:\/\/support.apple.com\/es-es\/guide\/safari\/sfri11471\/mac\"><span style=\"font-weight: 400;\">Safari:<\/span><\/a><span style=\"font-weight: 400;\"> men\u00fa Preferencias\/Privacidad.\u00a0\u00a0<\/span><\/li>\n<li style=\"font-weight: 400;\" aria-level=\"1\"><a href=\"https:\/\/support.apple.com\/es-es\/HT201265\"><span style=\"font-weight: 400;\">Safari para IOS<\/span><\/a><span style=\"font-weight: 400;\"> (iPhone y iPad): Opci\u00f3n Ajustes &gt; Safari\u00a0\u00a0<\/span><\/li>\n<li style=\"font-weight: 400;\" aria-level=\"1\"><a href=\"https:\/\/support.google.com\/chrome\/answer\/95647?co=GENIE.Platform%3DAndroid&amp;hl=es-419\"><span style=\"font-weight: 400;\">Chrome para Android<\/span><\/a><span style=\"font-weight: 400;\">: Configuraci\u00f3n &gt; Configuraci\u00f3n de sitios web &gt; Cookies\u00a0<\/span><\/li>\n<\/ul>\n<p><span style=\"font-weight: 400;\">Tenga en cuenta que, si acepta las cookies de terceros, deber\u00e1 eliminarlas desde las opciones del navegador o desde el sistema ofrecido por el propio tercero.\u00a0<\/span><\/p>\n","protected":false},"excerpt":{"rendered":"<p>Esta p\u00e1gina web utiliza cookies u otros archivos de funcionalidad similar (en adelante, \u201ccookies\u201d) para prestarle un mejor servicio y proporcionarle una mejor experiencia de navegaci\u00f3n. El objetivo de esta pol\u00edtica es informarle de manera clara y detallada de qu\u00e9 es una cookie, cu\u00e1l es su finalidad, qu\u00e9 tipo de cookies utilizamos y c\u00f3mo configurarlas [&hellip;]<\/p>\n","protected":false},"author":479,"featured_media":0,"parent":0,"menu_order":300,"comment_status":"closed","ping_status":"closed","template":"template-default-3.php","meta":{"footnotes":""},"class_list":["post-180","page","type-page","status-publish","hentry"],"yoast_head":"<!-- This site is optimized with the Yoast SEO plugin v26.9 - https:\/\/yoast.com\/product\/yoast-seo-wordpress\/ -->\n<title>Pol\u00edtica De Cookies | Hotel Larios<\/title>\n<meta name=\"description\" content=\"Esta p\u00e1gina web utiliza cookies u otros archivos de funcionalidad similar (en adelante, \u201ccookies\u201d) para prestarle un mejor servicio y proporcionarle una mejor experiencia de navegaci\u00f3n. El objetivo de esta pol\u00edtica es informarle de manera clara y detallada de qu\u00e9 es una cookie, cu\u00e1l es su finalidad, qu\u00e9 tipo de cookies utilizamos y c\u00f3mo configurarlas o, en su caso, deshabilitarlas.\u00a0 \u00bfQu\u00e9 es una cookie?\u00a0 Una cookie es un fichero que se descarga en su ordenador al acceder a determinadas p\u00e1ginas web\" \/>\n<meta name=\"robots\" content=\"index, follow, max-snippet:-1, max-image-preview:large, max-video-preview:-1\" \/>\n<link rel=\"canonical\" href=\"https:\/\/www.hotellariosmalaga.com\/es\/politica-de-cookies\/\" \/>\n<meta property=\"og:locale\" content=\"es_ES\" \/>\n<meta property=\"og:type\" content=\"article\" \/>\n<meta property=\"og:title\" content=\"Pol\u00edtica De Cookies | Hotel Larios\" \/>\n<meta property=\"og:description\" content=\"Esta p\u00e1gina web utiliza cookies u otros archivos de funcionalidad similar (en adelante, \u201ccookies\u201d) para prestarle un mejor servicio y proporcionarle una mejor experiencia de navegaci\u00f3n. El objetivo de esta pol\u00edtica es informarle de manera clara y detallada de qu\u00e9 es una cookie, cu\u00e1l es su finalidad, qu\u00e9 tipo de cookies utilizamos y c\u00f3mo configurarlas o, en su caso, deshabilitarlas.\u00a0 \u00bfQu\u00e9 es una cookie?\u00a0 Una cookie es un fichero que se descarga en su ordenador al acceder a determinadas p\u00e1ginas web\" \/>\n<meta property=\"og:url\" content=\"https:\/\/www.hotellariosmalaga.com\/es\/politica-de-cookies\/\" \/>\n<meta property=\"og:site_name\" content=\"Hotel Larios\" \/>\n<meta property=\"article:modified_time\" content=\"2023-03-30T09:20:18+00:00\" \/>\n<meta name=\"twitter:card\" content=\"summary_large_image\" \/>\n<meta name=\"twitter:label1\" content=\"Tiempo de lectura\" \/>\n\t<meta name=\"twitter:data1\" content=\"7 minutos\" \/>\n<script type=\"application\/ld+json\" class=\"yoast-schema-graph\">{\"@context\":\"https:\/\/schema.org\",\"@graph\":[{\"@type\":\"WebPage\",\"@id\":\"https:\/\/www.hotellariosmalaga.com\/es\/politica-de-cookies\/\",\"url\":\"https:\/\/www.hotellariosmalaga.com\/es\/politica-de-cookies\/\",\"name\":\"Pol\u00edtica De Cookies | Hotel Larios\",\"isPartOf\":{\"@id\":\"https:\/\/www.hotellariosmalaga.com\/es\/#website\"},\"datePublished\":\"2023-03-16T15:41:44+00:00\",\"dateModified\":\"2023-03-30T09:20:18+00:00\",\"description\":\"Esta p\u00e1gina web utiliza cookies u otros archivos de funcionalidad similar (en adelante, \u201ccookies\u201d) para prestarle un mejor servicio y proporcionarle una mejor experiencia de navegaci\u00f3n. El objetivo de esta pol\u00edtica es informarle de manera clara y detallada de qu\u00e9 es una cookie, cu\u00e1l es su finalidad, qu\u00e9 tipo de cookies utilizamos y c\u00f3mo configurarlas o, en su caso, deshabilitarlas.\u00a0 \u00bfQu\u00e9 es una cookie?\u00a0 Una cookie es un fichero que se descarga en su ordenador al acceder a determinadas p\u00e1ginas web\",\"breadcrumb\":{\"@id\":\"https:\/\/www.hotellariosmalaga.com\/es\/politica-de-cookies\/#breadcrumb\"},\"inLanguage\":\"es\",\"potentialAction\":[{\"@type\":\"ReadAction\",\"target\":[\"https:\/\/www.hotellariosmalaga.com\/es\/politica-de-cookies\/\"]}]},{\"@type\":\"BreadcrumbList\",\"@id\":\"https:\/\/www.hotellariosmalaga.com\/es\/politica-de-cookies\/#breadcrumb\",\"itemListElement\":[{\"@type\":\"ListItem\",\"position\":1,\"name\":\"Home\",\"item\":\"https:\/\/www.hotellariosmalaga.com\/es\/\"},{\"@type\":\"ListItem\",\"position\":2,\"name\":\"Pol\u00edtica De Cookies\"}]},{\"@type\":\"WebSite\",\"@id\":\"https:\/\/www.hotellariosmalaga.com\/es\/#website\",\"url\":\"https:\/\/www.hotellariosmalaga.com\/es\/\",\"name\":\"Hotel Larios\",\"description\":\"Your stay in Malaga\",\"publisher\":{\"@id\":\"https:\/\/www.hotellariosmalaga.com\/es\/#organization\"},\"potentialAction\":[{\"@type\":\"SearchAction\",\"target\":{\"@type\":\"EntryPoint\",\"urlTemplate\":\"https:\/\/www.hotellariosmalaga.com\/es\/?s={search_term_string}\"},\"query-input\":{\"@type\":\"PropertyValueSpecification\",\"valueRequired\":true,\"valueName\":\"search_term_string\"}}],\"inLanguage\":\"es\"},{\"@type\":\"Organization\",\"@id\":\"https:\/\/www.hotellariosmalaga.com\/es\/#organization\",\"name\":\"Hotel Larios\",\"alternateName\":\"Hotel Larios Malaga\",\"url\":\"https:\/\/www.hotellariosmalaga.com\/es\/\",\"logo\":{\"@type\":\"ImageObject\",\"inLanguage\":\"es\",\"@id\":\"https:\/\/www.hotellariosmalaga.com\/es\/#\/schema\/logo\/image\/\",\"url\":\"https:\/\/hotel-larios.ms.decms.eu\/wp-content\/uploads\/sites\/549\/2023\/03\/logo_hotel_larios_v1_b.svg\",\"contentUrl\":\"https:\/\/hotel-larios.ms.decms.eu\/wp-content\/uploads\/sites\/549\/2023\/03\/logo_hotel_larios_v1_b.svg\",\"width\":826,\"height\":213,\"caption\":\"Hotel Larios\"},\"image\":{\"@id\":\"https:\/\/www.hotellariosmalaga.com\/es\/#\/schema\/logo\/image\/\"}}]}<\/script>\n<!-- \/ Yoast SEO plugin. -->","yoast_head_json":{"title":"Pol\u00edtica De Cookies | Hotel Larios","description":"Esta p\u00e1gina web utiliza cookies u otros archivos de funcionalidad similar (en adelante, \u201ccookies\u201d) para prestarle un mejor servicio y proporcionarle una mejor experiencia de navegaci\u00f3n. El objetivo de esta pol\u00edtica es informarle de manera clara y detallada de qu\u00e9 es una cookie, cu\u00e1l es su finalidad, qu\u00e9 tipo de cookies utilizamos y c\u00f3mo configurarlas o, en su caso, deshabilitarlas.\u00a0 \u00bfQu\u00e9 es una cookie?\u00a0 Una cookie es un fichero que se descarga en su ordenador al acceder a determinadas p\u00e1ginas web","robots":{"index":"index","follow":"follow","max-snippet":"max-snippet:-1","max-image-preview":"max-image-preview:large","max-video-preview":"max-video-preview:-1"},"canonical":"https:\/\/www.hotellariosmalaga.com\/es\/politica-de-cookies\/","og_locale":"es_ES","og_type":"article","og_title":"Pol\u00edtica De Cookies | Hotel Larios","og_description":"Esta p\u00e1gina web utiliza cookies u otros archivos de funcionalidad similar (en adelante, \u201ccookies\u201d) para prestarle un mejor servicio y proporcionarle una mejor experiencia de navegaci\u00f3n. El objetivo de esta pol\u00edtica es informarle de manera clara y detallada de qu\u00e9 es una cookie, cu\u00e1l es su finalidad, qu\u00e9 tipo de cookies utilizamos y c\u00f3mo configurarlas o, en su caso, deshabilitarlas.\u00a0 \u00bfQu\u00e9 es una cookie?\u00a0 Una cookie es un fichero que se descarga en su ordenador al acceder a determinadas p\u00e1ginas web","og_url":"https:\/\/www.hotellariosmalaga.com\/es\/politica-de-cookies\/","og_site_name":"Hotel Larios","article_modified_time":"2023-03-30T09:20:18+00:00","twitter_card":"summary_large_image","twitter_misc":{"Tiempo de lectura":"7 minutos"},"schema":{"@context":"https:\/\/schema.org","@graph":[{"@type":"WebPage","@id":"https:\/\/www.hotellariosmalaga.com\/es\/politica-de-cookies\/","url":"https:\/\/www.hotellariosmalaga.com\/es\/politica-de-cookies\/","name":"Pol\u00edtica De Cookies | Hotel Larios","isPartOf":{"@id":"https:\/\/www.hotellariosmalaga.com\/es\/#website"},"datePublished":"2023-03-16T15:41:44+00:00","dateModified":"2023-03-30T09:20:18+00:00","description":"Esta p\u00e1gina web utiliza cookies u otros archivos de funcionalidad similar (en adelante, \u201ccookies\u201d) para prestarle un mejor servicio y proporcionarle una mejor experiencia de navegaci\u00f3n. El objetivo de esta pol\u00edtica es informarle de manera clara y detallada de qu\u00e9 es una cookie, cu\u00e1l es su finalidad, qu\u00e9 tipo de cookies utilizamos y c\u00f3mo configurarlas o, en su caso, deshabilitarlas.\u00a0 \u00bfQu\u00e9 es una cookie?\u00a0 Una cookie es un fichero que se descarga en su ordenador al acceder a determinadas p\u00e1ginas web","breadcrumb":{"@id":"https:\/\/www.hotellariosmalaga.com\/es\/politica-de-cookies\/#breadcrumb"},"inLanguage":"es","potentialAction":[{"@type":"ReadAction","target":["https:\/\/www.hotellariosmalaga.com\/es\/politica-de-cookies\/"]}]},{"@type":"BreadcrumbList","@id":"https:\/\/www.hotellariosmalaga.com\/es\/politica-de-cookies\/#breadcrumb","itemListElement":[{"@type":"ListItem","position":1,"name":"Home","item":"https:\/\/www.hotellariosmalaga.com\/es\/"},{"@type":"ListItem","position":2,"name":"Pol\u00edtica De Cookies"}]},{"@type":"WebSite","@id":"https:\/\/www.hotellariosmalaga.com\/es\/#website","url":"https:\/\/www.hotellariosmalaga.com\/es\/","name":"Hotel Larios","description":"Your stay in Malaga","publisher":{"@id":"https:\/\/www.hotellariosmalaga.com\/es\/#organization"},"potentialAction":[{"@type":"SearchAction","target":{"@type":"EntryPoint","urlTemplate":"https:\/\/www.hotellariosmalaga.com\/es\/?s={search_term_string}"},"query-input":{"@type":"PropertyValueSpecification","valueRequired":true,"valueName":"search_term_string"}}],"inLanguage":"es"},{"@type":"Organization","@id":"https:\/\/www.hotellariosmalaga.com\/es\/#organization","name":"Hotel Larios","alternateName":"Hotel Larios Malaga","url":"https:\/\/www.hotellariosmalaga.com\/es\/","logo":{"@type":"ImageObject","inLanguage":"es","@id":"https:\/\/www.hotellariosmalaga.com\/es\/#\/schema\/logo\/image\/","url":"https:\/\/hotel-larios.ms.decms.eu\/wp-content\/uploads\/sites\/549\/2023\/03\/logo_hotel_larios_v1_b.svg","contentUrl":"https:\/\/hotel-larios.ms.decms.eu\/wp-content\/uploads\/sites\/549\/2023\/03\/logo_hotel_larios_v1_b.svg","width":826,"height":213,"caption":"Hotel Larios"},"image":{"@id":"https:\/\/www.hotellariosmalaga.com\/es\/#\/schema\/logo\/image\/"}}]}},"acf":[],"_links":{"self":[{"href":"https:\/\/www.hotellariosmalaga.com\/es\/wp-json\/wp\/v2\/pages\/180","targetHints":{"allow":["GET"]}}],"collection":[{"href":"https:\/\/www.hotellariosmalaga.com\/es\/wp-json\/wp\/v2\/pages"}],"about":[{"href":"https:\/\/www.hotellariosmalaga.com\/es\/wp-json\/wp\/v2\/types\/page"}],"author":[{"embeddable":true,"href":"https:\/\/www.hotellariosmalaga.com\/es\/wp-json\/wp\/v2\/users\/479"}],"replies":[{"embeddable":true,"href":"https:\/\/www.hotellariosmalaga.com\/es\/wp-json\/wp\/v2\/comments?post=180"}],"version-history":[{"count":0,"href":"https:\/\/www.hotellariosmalaga.com\/es\/wp-json\/wp\/v2\/pages\/180\/revisions"}],"wp:attachment":[{"href":"https:\/\/www.hotellariosmalaga.com\/es\/wp-json\/wp\/v2\/media?parent=180"}],"curies":[{"name":"wp","href":"https:\/\/api.w.org\/{rel}","templated":true}]}}