{"id":155,"date":"2023-03-08T10:58:58","date_gmt":"2023-03-08T10:58:58","guid":{"rendered":"https:\/\/hotel-larios.ms.decms.eu\/sample-page\/"},"modified":"2023-03-27T13:35:20","modified_gmt":"2023-03-27T13:35:20","slug":"el-hotel-boutique-en-malaga","status":"publish","type":"page","link":"https:\/\/www.hotellariosmalaga.com\/es\/","title":{"rendered":"El Hotel Boutique en M\u00e1laga"},"content":{"rendered":"<p>\u00bfQuieres vivir una experiencia \u00fanica en el coraz\u00f3n de M\u00e1laga?<\/p>\n<p>Al\u00f3jate en el primer hotel de <strong>4 estrellas<\/strong> de la ciudad, el emblem\u00e1tico <strong>Hotel Larios M\u00e1laga<\/strong>. Decoraci\u00f3n dise\u00f1o <em>art d\u00e9co<\/em> en sus zonas comunes y funcionalidad en sus <strong>41 habitaciones<\/strong>, en ellas encontrar\u00e1s todo lo que puedas necesitar para hacer del hotel Larios tu hogar en M\u00e1laga. Algunas habitaciones cuentan con balcones a la conocida calle Marqu\u00e9s de Larios, un lugar donde cualquier cosa puede pasar<\/p>\n<p>Pero si quieres sentirte como en casa, el Hotel Larios M\u00e1laga cuenta con <strong>6 apartamentos ubicados<\/strong> en un edificio <strong>separado a 120 metros del hotel<\/strong>, todos completamente equipados con cocina y balcones con vistas a la hist\u00f3rica Plaza de la Constituci\u00f3n.<em> \u00bfQu\u00e9 opci\u00f3n prefieres?<\/em><\/p>\n","protected":false},"excerpt":{"rendered":"<p>\u00bfQuieres vivir una experiencia \u00fanica en el coraz\u00f3n de M\u00e1laga? Al\u00f3jate en el primer hotel de 4 estrellas de la ciudad, el emblem\u00e1tico Hotel Larios M\u00e1laga. Decoraci\u00f3n dise\u00f1o art d\u00e9co en sus zonas comunes y funcionalidad en sus 41 habitaciones, en ellas encontrar\u00e1s todo lo que puedas necesitar para hacer del hotel Larios tu hogar [&hellip;]<\/p>\n","protected":false},"author":479,"featured_media":0,"parent":0,"menu_order":0,"comment_status":"closed","ping_status":"closed","template":"","meta":{"footnotes":""},"class_list":["post-155","page","type-page","status-publish","hentry"],"yoast_head":"<!-- This site is optimized with the Yoast SEO plugin v26.9 - https:\/\/yoast.com\/product\/yoast-seo-wordpress\/ -->\n<title>El Hotel Boutique en M\u00e1laga | Hotel Larios<\/title>\n<meta name=\"description\" content=\"\u00bfQuieres vivir una experiencia \u00fanica en el coraz\u00f3n de M\u00e1laga?  Al\u00f3jate en el primer hotel de 4 estrellas de la ciudad, el emblem\u00e1tico Hotel Larios M\u00e1laga. Decoraci\u00f3n dise\u00f1o art d\u00e9co en sus zonas comunes y funcionalidad en sus 41 habitaciones, en ellas encontrar\u00e1s todo lo que puedas necesitar para hacer del hotel Larios tu hogar en M\u00e1laga\" \/>\n<meta name=\"robots\" content=\"index, follow, max-snippet:-1, max-image-preview:large, max-video-preview:-1\" \/>\n<link rel=\"canonical\" href=\"https:\/\/www.hotellariosmalaga.com\/es\/\" \/>\n<meta property=\"og:locale\" content=\"es_ES\" \/>\n<meta property=\"og:type\" content=\"article\" \/>\n<meta property=\"og:title\" content=\"El Hotel Boutique en M\u00e1laga | Hotel Larios\" \/>\n<meta property=\"og:description\" content=\"\u00bfQuieres vivir una experiencia \u00fanica en el coraz\u00f3n de M\u00e1laga?  Al\u00f3jate en el primer hotel de 4 estrellas de la ciudad, el emblem\u00e1tico Hotel Larios M\u00e1laga. Decoraci\u00f3n dise\u00f1o art d\u00e9co en sus zonas comunes y funcionalidad en sus 41 habitaciones, en ellas encontrar\u00e1s todo lo que puedas necesitar para hacer del hotel Larios tu hogar en M\u00e1laga\" \/>\n<meta property=\"og:url\" content=\"https:\/\/www.hotellariosmalaga.com\/es\/\" \/>\n<meta property=\"og:site_name\" content=\"Hotel Larios\" \/>\n<meta property=\"article:modified_time\" content=\"2023-03-27T13:35:20+00:00\" \/>\n<meta name=\"twitter:card\" content=\"summary_large_image\" \/>\n<meta name=\"twitter:label1\" content=\"Tiempo de lectura\" \/>\n\t<meta name=\"twitter:data1\" content=\"1 minuto\" \/>\n<script type=\"application\/ld+json\" class=\"yoast-schema-graph\">{\"@context\":\"https:\/\/schema.org\",\"@graph\":[{\"@type\":\"WebPage\",\"@id\":\"https:\/\/www.hotellariosmalaga.com\/es\/\",\"url\":\"https:\/\/www.hotellariosmalaga.com\/es\/\",\"name\":\"El Hotel Boutique en M\u00e1laga | Hotel Larios\",\"isPartOf\":{\"@id\":\"https:\/\/www.hotellariosmalaga.com\/es\/#website\"},\"datePublished\":\"2023-03-08T10:58:58+00:00\",\"dateModified\":\"2023-03-27T13:35:20+00:00\",\"description\":\"\u00bfQuieres vivir una experiencia \u00fanica en el coraz\u00f3n de M\u00e1laga? Al\u00f3jate en el primer hotel de 4 estrellas de la ciudad, el emblem\u00e1tico Hotel Larios M\u00e1laga. Decoraci\u00f3n dise\u00f1o art d\u00e9co en sus zonas comunes y funcionalidad en sus 41 habitaciones, en ellas encontrar\u00e1s todo lo que puedas necesitar para hacer del hotel Larios tu hogar en M\u00e1laga\",\"breadcrumb\":{\"@id\":\"https:\/\/www.hotellariosmalaga.com\/es\/#breadcrumb\"},\"inLanguage\":\"es\",\"potentialAction\":[{\"@type\":\"ReadAction\",\"target\":[\"https:\/\/www.hotellariosmalaga.com\/es\/\"]}]},{\"@type\":\"BreadcrumbList\",\"@id\":\"https:\/\/www.hotellariosmalaga.com\/es\/#breadcrumb\",\"itemListElement\":[{\"@type\":\"ListItem\",\"position\":1,\"name\":\"Home\",\"item\":\"https:\/\/www.hotellariosmalaga.com\/es\/\"},{\"@type\":\"ListItem\",\"position\":2,\"name\":\"El Hotel Boutique en M\u00e1laga\"}]},{\"@type\":\"WebSite\",\"@id\":\"https:\/\/www.hotellariosmalaga.com\/es\/#website\",\"url\":\"https:\/\/www.hotellariosmalaga.com\/es\/\",\"name\":\"Hotel Larios\",\"description\":\"Your stay in Malaga\",\"publisher\":{\"@id\":\"https:\/\/www.hotellariosmalaga.com\/es\/#organization\"},\"potentialAction\":[{\"@type\":\"SearchAction\",\"target\":{\"@type\":\"EntryPoint\",\"urlTemplate\":\"https:\/\/www.hotellariosmalaga.com\/es\/?s={search_term_string}\"},\"query-input\":{\"@type\":\"PropertyValueSpecification\",\"valueRequired\":true,\"valueName\":\"search_term_string\"}}],\"inLanguage\":\"es\"},{\"@type\":\"Organization\",\"@id\":\"https:\/\/www.hotellariosmalaga.com\/es\/#organization\",\"name\":\"Hotel Larios\",\"alternateName\":\"Hotel Larios Malaga\",\"url\":\"https:\/\/www.hotellariosmalaga.com\/es\/\",\"logo\":{\"@type\":\"ImageObject\",\"inLanguage\":\"es\",\"@id\":\"https:\/\/www.hotellariosmalaga.com\/es\/#\/schema\/logo\/image\/\",\"url\":\"https:\/\/hotel-larios.ms.decms.eu\/wp-content\/uploads\/sites\/549\/2023\/03\/logo_hotel_larios_v1_b.svg\",\"contentUrl\":\"https:\/\/hotel-larios.ms.decms.eu\/wp-content\/uploads\/sites\/549\/2023\/03\/logo_hotel_larios_v1_b.svg\",\"width\":826,\"height\":213,\"caption\":\"Hotel Larios\"},\"image\":{\"@id\":\"https:\/\/www.hotellariosmalaga.com\/es\/#\/schema\/logo\/image\/\"}}]}<\/script>\n<!-- \/ Yoast SEO plugin. -->","yoast_head_json":{"title":"El Hotel Boutique en M\u00e1laga | Hotel Larios","description":"\u00bfQuieres vivir una experiencia \u00fanica en el coraz\u00f3n de M\u00e1laga?  Al\u00f3jate en el primer hotel de 4 estrellas de la ciudad, el emblem\u00e1tico Hotel Larios M\u00e1laga. Decoraci\u00f3n dise\u00f1o art d\u00e9co en sus zonas comunes y funcionalidad en sus 41 habitaciones, en ellas encontrar\u00e1s todo lo que puedas necesitar para hacer del hotel Larios tu hogar en M\u00e1laga","robots":{"index":"index","follow":"follow","max-snippet":"max-snippet:-1","max-image-preview":"max-image-preview:large","max-video-preview":"max-video-preview:-1"},"canonical":"https:\/\/www.hotellariosmalaga.com\/es\/","og_locale":"es_ES","og_type":"article","og_title":"El Hotel Boutique en M\u00e1laga | Hotel Larios","og_description":"\u00bfQuieres vivir una experiencia \u00fanica en el coraz\u00f3n de M\u00e1laga?  Al\u00f3jate en el primer hotel de 4 estrellas de la ciudad, el emblem\u00e1tico Hotel Larios M\u00e1laga. Decoraci\u00f3n dise\u00f1o art d\u00e9co en sus zonas comunes y funcionalidad en sus 41 habitaciones, en ellas encontrar\u00e1s todo lo que puedas necesitar para hacer del hotel Larios tu hogar en M\u00e1laga","og_url":"https:\/\/www.hotellariosmalaga.com\/es\/","og_site_name":"Hotel Larios","article_modified_time":"2023-03-27T13:35:20+00:00","twitter_card":"summary_large_image","twitter_misc":{"Tiempo de lectura":"1 minuto"},"schema":{"@context":"https:\/\/schema.org","@graph":[{"@type":"WebPage","@id":"https:\/\/www.hotellariosmalaga.com\/es\/","url":"https:\/\/www.hotellariosmalaga.com\/es\/","name":"El Hotel Boutique en M\u00e1laga | Hotel Larios","isPartOf":{"@id":"https:\/\/www.hotellariosmalaga.com\/es\/#website"},"datePublished":"2023-03-08T10:58:58+00:00","dateModified":"2023-03-27T13:35:20+00:00","description":"\u00bfQuieres vivir una experiencia \u00fanica en el coraz\u00f3n de M\u00e1laga? Al\u00f3jate en el primer hotel de 4 estrellas de la ciudad, el emblem\u00e1tico Hotel Larios M\u00e1laga. Decoraci\u00f3n dise\u00f1o art d\u00e9co en sus zonas comunes y funcionalidad en sus 41 habitaciones, en ellas encontrar\u00e1s todo lo que puedas necesitar para hacer del hotel Larios tu hogar en M\u00e1laga","breadcrumb":{"@id":"https:\/\/www.hotellariosmalaga.com\/es\/#breadcrumb"},"inLanguage":"es","potentialAction":[{"@type":"ReadAction","target":["https:\/\/www.hotellariosmalaga.com\/es\/"]}]},{"@type":"BreadcrumbList","@id":"https:\/\/www.hotellariosmalaga.com\/es\/#breadcrumb","itemListElement":[{"@type":"ListItem","position":1,"name":"Home","item":"https:\/\/www.hotellariosmalaga.com\/es\/"},{"@type":"ListItem","position":2,"name":"El Hotel Boutique en M\u00e1laga"}]},{"@type":"WebSite","@id":"https:\/\/www.hotellariosmalaga.com\/es\/#website","url":"https:\/\/www.hotellariosmalaga.com\/es\/","name":"Hotel Larios","description":"Your stay in Malaga","publisher":{"@id":"https:\/\/www.hotellariosmalaga.com\/es\/#organization"},"potentialAction":[{"@type":"SearchAction","target":{"@type":"EntryPoint","urlTemplate":"https:\/\/www.hotellariosmalaga.com\/es\/?s={search_term_string}"},"query-input":{"@type":"PropertyValueSpecification","valueRequired":true,"valueName":"search_term_string"}}],"inLanguage":"es"},{"@type":"Organization","@id":"https:\/\/www.hotellariosmalaga.com\/es\/#organization","name":"Hotel Larios","alternateName":"Hotel Larios Malaga","url":"https:\/\/www.hotellariosmalaga.com\/es\/","logo":{"@type":"ImageObject","inLanguage":"es","@id":"https:\/\/www.hotellariosmalaga.com\/es\/#\/schema\/logo\/image\/","url":"https:\/\/hotel-larios.ms.decms.eu\/wp-content\/uploads\/sites\/549\/2023\/03\/logo_hotel_larios_v1_b.svg","contentUrl":"https:\/\/hotel-larios.ms.decms.eu\/wp-content\/uploads\/sites\/549\/2023\/03\/logo_hotel_larios_v1_b.svg","width":826,"height":213,"caption":"Hotel Larios"},"image":{"@id":"https:\/\/www.hotellariosmalaga.com\/es\/#\/schema\/logo\/image\/"}}]}},"acf":[],"_links":{"self":[{"href":"https:\/\/www.hotellariosmalaga.com\/es\/wp-json\/wp\/v2\/pages\/155","targetHints":{"allow":["GET"]}}],"collection":[{"href":"https:\/\/www.hotellariosmalaga.com\/es\/wp-json\/wp\/v2\/pages"}],"about":[{"href":"https:\/\/www.hotellariosmalaga.com\/es\/wp-json\/wp\/v2\/types\/page"}],"author":[{"embeddable":true,"href":"https:\/\/www.hotellariosmalaga.com\/es\/wp-json\/wp\/v2\/users\/479"}],"replies":[{"embeddable":true,"href":"https:\/\/www.hotellariosmalaga.com\/es\/wp-json\/wp\/v2\/comments?post=155"}],"version-history":[{"count":0,"href":"https:\/\/www.hotellariosmalaga.com\/es\/wp-json\/wp\/v2\/pages\/155\/revisions"}],"wp:attachment":[{"href":"https:\/\/www.hotellariosmalaga.com\/es\/wp-json\/wp\/v2\/media?parent=155"}],"curies":[{"name":"wp","href":"https:\/\/api.w.org\/{rel}","templated":true}]}}